{"id":6,"date":"2022-05-26T14:38:34","date_gmt":"2022-05-26T14:38:34","guid":{"rendered":"https:\/\/farmaciatana.es\/blog\/?page_id=6"},"modified":"2023-01-21T13:52:41","modified_gmt":"2023-01-21T11:52:41","slug":"acerca-de","status":"publish","type":"page","link":"https:\/\/farmaciatana.es\/blog\/acerca-de\/","title":{"rendered":"Acerca de"},"content":{"rendered":"<p>[et_pb_section fb_built=\u00bb1&#8243; custom_padding_last_edited=\u00bbon|tablet\u00bb admin_label=\u00bbHeader\u00bb _builder_version=\u00bb4.19.4&#8243; custom_padding=\u00bb0px||40px||false|false\u00bb custom_padding_tablet=\u00bb||0px||false|false\u00bb custom_padding_phone=\u00bb\u00bb hover_enabled=\u00bb0&#8243; locked=\u00bboff\u00bb global_colors_info=\u00bb{}\u00bb sticky_enabled=\u00bb0&#8243;][et_pb_row column_structure=\u00bb1_2,1_2&#8243; make_equal=\u00bbon\u00bb custom_padding_last_edited=\u00bboff|desktop\u00bb _builder_version=\u00bb4.19.4&#8243; max_width=\u00bbnone\u00bb custom_padding=\u00bb0px||0px||false|false\u00bb custom_padding_tablet=\u00bb||0px||false|false\u00bb hover_enabled=\u00bb0&#8243; box_shadow_style=\u00bbpreset4&#8243; box_shadow_horizontal=\u00bb30vw\u00bb box_shadow_vertical=\u00bb0px\u00bb box_shadow_color=\u00bb#ffc077&#8243; global_colors_info=\u00bb{}\u00bb sticky_enabled=\u00bb0&#8243;][et_pb_column type=\u00bb1_2&#8243; _builder_version=\u00bb4.19.4&#8243; custom_padding=\u00bb120px||60px||false|false\u00bb custom_padding_tablet=\u00bb|40px|||false|false\u00bb custom_padding_phone=\u00bb|20px|||false|false\u00bb custom_padding_last_edited=\u00bbon|phone\u00bb hover_enabled=\u00bb0&#8243; global_colors_info=\u00bb{}\u00bb sticky_enabled=\u00bb0&#8243;][et_pb_text _builder_version=\u00bb4.19.4&#8243; header_font=\u00bbMontserrat|700|||||||\u00bb header_text_color=\u00bb#000000&#8243; header_font_size=\u00bb4vw\u00bb hover_enabled=\u00bb0&#8243; header_font_size_tablet=\u00bb80px\u00bb header_font_size_phone=\u00bb42px\u00bb header_font_size_last_edited=\u00bbon|tablet\u00bb locked=\u00bboff\u00bb global_colors_info=\u00bb{}\u00bb sticky_enabled=\u00bb0&#8243;]<\/p>\n<h1>Nosotros<\/h1>\n<p>&nbsp;<\/p>\n<p>[\/et_pb_text][et_pb_text _builder_version=\u00bb4.19.4&#8243; text_font=\u00bbCardo|700|||||||\u00bb text_text_color=\u00bbrgba(0,0,0,0.03)\u00bb text_font_size=\u00bb150px\u00bb text_line_height=\u00bb1em\u00bb custom_margin=\u00bb-0.8em||||false|false\u00bb custom_margin_tablet=\u00bb-100px||||false|false\u00bb custom_margin_phone=\u00bb-80px|||-60px|false|false\u00bb custom_margin_last_edited=\u00bbon|desktop\u00bb hover_enabled=\u00bb0&#8243; text_font_size_tablet=\u00bb100px\u00bb text_font_size_phone=\u00bb60px\u00bb text_font_size_last_edited=\u00bbon|desktop\u00bb locked=\u00bboff\u00bb global_colors_info=\u00bb{}\u00bb sticky_enabled=\u00bb0&#8243;]<\/p>\n<p>Autorxs<\/p>\n<p>[\/et_pb_text][et_pb_button button_url=\u00bbhttps:\/\/farmaciatana.es\/\u00bb button_text=\u00bb\u00a1Visita nuestra tienda!\u00bb _builder_version=\u00bb4.18.0&#8243; custom_button=\u00bbon\u00bb button_text_size=\u00bb14px\u00bb button_text_color=\u00bb#ff2a38&#8243; button_bg_color=\u00bb#ffffff\u00bb button_border_width=\u00bb1px\u00bb button_border_color=\u00bb#ff2a38&#8243; button_border_radius=\u00bb0px\u00bb button_letter_spacing=\u00bb2px\u00bb button_font=\u00bb|600||on|||||\u00bb button_icon=\u00bb&#x24;||divi||400&#8243; custom_padding=\u00bb15px|40px|15px|40px|true|true\u00bb button_bg_color_last_edited=\u00bboff|desktop\u00bb locked=\u00bboff\u00bb global_colors_info=\u00bb{}\u00bb button_bg_color__hover_enabled=\u00bbon\u00bb button_bg_color__hover=\u00bb#ff2a38&#8243; button_bg_enable_color__hover=\u00bbon\u00bb button_text_color__hover_enabled=\u00bbon\u00bb button_text_color__hover=\u00bb#ffffff\u00bb][\/et_pb_button][\/et_pb_column][et_pb_column type=\u00bb1_2&#8243; _builder_version=\u00bb4.19.4&#8243; background_color=\u00bb#ffc077&#8243; custom_padding=\u00bb200px||100px||false|true\u00bb custom_padding_tablet=\u00bb100px||100px||true|false\u00bb custom_padding_phone=\u00bb60px||60px||true|false\u00bb custom_padding_last_edited=\u00bbon|tablet\u00bb hover_enabled=\u00bb0&#8243; global_colors_info=\u00bb{}\u00bb sticky_enabled=\u00bb0&#8243;][et_pb_text _builder_version=\u00bb4.19.4&#8243; text_line_height=\u00bb1.8em\u00bb header_2_font=\u00bbMontserrat|700|||||||\u00bb header_2_text_color=\u00bb#000000&#8243; header_2_font_size=\u00bb4vw\u00bb header_2_line_height=\u00bb1.2em\u00bb custom_margin=\u00bb|-8vw|||false|false\u00bb custom_margin_tablet=\u00bb|0vw|||false|false\u00bb custom_margin_phone=\u00bb\u00bb custom_margin_last_edited=\u00bbon|tablet\u00bb hover_enabled=\u00bb0&#8243; header_2_font_size_tablet=\u00bb\u00bb header_2_font_size_phone=\u00bb36px\u00bb header_2_font_size_last_edited=\u00bbon|desktop\u00bb locked=\u00bboff\u00bb global_colors_info=\u00bb{}\u00bb max_width=\u00bb100%\u00bb sticky_enabled=\u00bb0&#8243;]<\/p>\n<h2>Sobre nosotros<\/h2>\n<p>Si quieres conocernos, est\u00e1s en el lugar ideal. Farmacia Coir\u00f3s lleva m\u00e1s de 30 a\u00f1os ayudando a los pacientes y clientes que acuden a ella desde Coir\u00f3s, y ahora, nos proponemos poder realizarlo tambi\u00e9n de manera online.<\/p>\n<p>Nuestro equipo est\u00e1 formado por siete personas, con Elena Ta\u00f1\u00e1 a la cabeza.<\/p>\n<p>Si necesitas contactar con nosotros, puedes hacerlo de manera presencial, por tel\u00e9fono en el 981796304 o por mail y ahora tambi\u00e9n mediante instagram, facebook y whatsapp.<\/p>\n<p>\u00a1Estamos ah\u00ed para todo lo que necesites!<\/p>\n<p>[\/et_pb_text][\/et_pb_column][\/et_pb_row][\/et_pb_section][et_pb_section fb_built=\u00bb1&#8243; admin_label=\u00bbAuthors\u00bb _builder_version=\u00bb4.16&#8243; global_colors_info=\u00bb{}\u00bb][et_pb_row column_structure=\u00bb1_2,1_2&#8243; use_custom_gutter=\u00bbon\u00bb gutter_width=\u00bb4&#8243; make_equal=\u00bbon\u00bb _builder_version=\u00bb4.18.0&#8243; custom_margin=\u00bb40px||40px||true|false\u00bb global_colors_info=\u00bb{}\u00bb][et_pb_column type=\u00bb1_2&#8243; _builder_version=\u00bb4.16&#8243; global_colors_info=\u00bb{}\u00bb][et_pb_blurb title=\u00bbBeatriz\u00bb image=\u00bbhttps:\/\/secure.gravatar.com\/avatar\/c6346c9ace5c6014942dac9b4df964c7?s=96&#038;d=mm&#038;r=g\u00bb icon_placement=\u00bbleft\u00bb image_icon_width=\u00bb64px\u00bb _builder_version=\u00bb4.18.0&#8243; header_level=\u00bbh2&#8243; header_font=\u00bbCardo|700|||||||\u00bb header_font_size=\u00bb16px\u00bb header_line_height=\u00bb1.5em\u00bb body_line_height=\u00bb1.8em\u00bb custom_margin=\u00bb||10px||false|false\u00bb border_radii_image=\u00bbon|100px|100px|100px|100px\u00bb image_max_width=\u00bb64px\u00bb locked=\u00bboff\u00bb global_colors_info=\u00bb{}\u00bb]<\/p>\n<div class=\"et_pb_module et_pb_text et_pb_text_1_tb_body  et_pb_text_align_left et_pb_bg_layout_light\">\n<div class=\"et_pb_text_inner\">\u00a1Soy la culpable de que tengamos p\u00e1gina web! Despu\u00e9s de mucho buscar, logr\u00e9 crear nuestra p\u00e1gina web desde cero y la cuido como si fuese mi beb\u00e9. Llevo toda la vida en la farmacia, he crecido viendo a mi madre trabajar, y para m\u00ed, es mi casa. \u00a1Soy una friki de la cosm\u00e9tica y seguro que me encontrar\u00e1s buscando productazos nuevos o llamando a delegados!<\/div>\n<\/div>\n<p>[\/et_pb_blurb][et_pb_button button_url=\u00bbhttps:\/\/farmaciatana.es\/blog\/autor\/bea\/\u00bb button_text=\u00bbVer art\u00edculos\u00bb button_alignment=\u00bbleft\u00bb _builder_version=\u00bb4.19.4&#8243; custom_button=\u00bbon\u00bb button_text_size=\u00bb11px\u00bb button_text_color=\u00bb#000000&#8243; button_bg_color=\u00bbrgba(0,0,0,0.06)\u00bb button_border_width=\u00bb0px\u00bb button_border_radius=\u00bb0px\u00bb button_letter_spacing=\u00bb2px\u00bb button_font=\u00bb|700||on|||||\u00bb button_icon=\u00bb&#x24;||divi||400&#8243; custom_margin=\u00bb|||80px|false|false\u00bb custom_padding=\u00bb8px|20px|8px|20px|true|true\u00bb hover_enabled=\u00bb0&#8243; button_bg_color_last_edited=\u00bboff|desktop\u00bb box_shadow_style=\u00bbpreset7&#8243; box_shadow_horizontal=\u00bb5px\u00bb box_shadow_vertical=\u00bb0px\u00bb box_shadow_color=\u00bb#000000&#8243; global_colors_info=\u00bb{}\u00bb button_text_color__hover=\u00bb#ffffff\u00bb button_text_color__hover_enabled=\u00bboff|desktop\u00bb button_bg_color__hover=\u00bb#ff2a38&#8243; button_bg_color__hover_enabled=\u00bboff|desktop\u00bb button_bg_enable_color__hover=\u00bbon\u00bb box_shadow_horizontal__hover_enabled=\u00bbon|hover\u00bb box_shadow_horizontal__hover=\u00bb10px\u00bb sticky_enabled=\u00bb0&#8243;][\/et_pb_button][\/et_pb_column][et_pb_column type=\u00bb1_2&#8243; _builder_version=\u00bb4.16&#8243; global_colors_info=\u00bb{}\u00bb][et_pb_blurb title=\u00bbGabriel\u00bb image=\u00bbhttps:\/\/secure.gravatar.com\/avatar\/d9afc5522afc40efa01c858c5591be40?s=96&#038;d=mm&#038;r=g\u00bb icon_placement=\u00bbleft\u00bb image_icon_width=\u00bb64px\u00bb _builder_version=\u00bb4.18.0&#8243; header_level=\u00bbh2&#8243; header_font=\u00bbCardo|700|||||||\u00bb header_font_size=\u00bb16px\u00bb header_line_height=\u00bb1.5em\u00bb body_line_height=\u00bb1.8em\u00bb custom_margin=\u00bb||10px||false|false\u00bb border_radii_image=\u00bbon|100px|100px|100px|100px\u00bb image_max_width=\u00bb64px\u00bb locked=\u00bboff\u00bb global_colors_info=\u00bb{}\u00bb]<\/p>\n<p><span>Soy el encargado de que vuestros pedidos lleguen a casa en perfecto estado. Adem\u00e1s de farmac\u00e9utico, soy nutricionista, por lo que los complementos alimenticios son lo m\u00edo. \u00a1Me encanta trabajar con m\u00fasica y siempre con una sonrisa! Me pod\u00e9is encontrar buscando qu\u00e9 novedades podemos traer a Farmacia Coir\u00f3s para sorprenderos, o bailando en una foliada, nunca se sabe.<\/span><\/p>\n<p>[\/et_pb_blurb][et_pb_button button_url=\u00bbhttps:\/\/farmaciatana.es\/blog\/autor\/gabi\/\u00bb button_text=\u00bbVer art\u00edculos\u00bb button_alignment=\u00bbleft\u00bb _builder_version=\u00bb4.19.4&#8243; custom_button=\u00bbon\u00bb button_text_size=\u00bb11px\u00bb button_text_color=\u00bb#000000&#8243; button_bg_color=\u00bbrgba(0,0,0,0.06)\u00bb button_border_width=\u00bb0px\u00bb button_border_radius=\u00bb0px\u00bb button_letter_spacing=\u00bb2px\u00bb button_font=\u00bb|700||on|||||\u00bb button_icon=\u00bb&#x24;||divi||400&#8243; custom_margin=\u00bb|||80px|false|false\u00bb custom_padding=\u00bb8px|20px|8px|20px|true|true\u00bb hover_enabled=\u00bb0&#8243; button_bg_color_last_edited=\u00bboff|desktop\u00bb box_shadow_style=\u00bbpreset7&#8243; box_shadow_horizontal=\u00bb5px\u00bb box_shadow_vertical=\u00bb0px\u00bb box_shadow_color=\u00bb#000000&#8243; locked=\u00bboff\u00bb global_colors_info=\u00bb{}\u00bb button_text_color__hover=\u00bb#ffffff\u00bb button_text_color__hover_enabled=\u00bboff|desktop\u00bb button_bg_color__hover=\u00bb#ff2a38&#8243; button_bg_color__hover_enabled=\u00bboff|desktop\u00bb button_bg_enable_color__hover=\u00bbon\u00bb box_shadow_horizontal__hover_enabled=\u00bbon|hover\u00bb box_shadow_horizontal__hover=\u00bb10px\u00bb sticky_enabled=\u00bb0&#8243;][\/et_pb_button][\/et_pb_column][\/et_pb_row][et_pb_row column_structure=\u00bb1_2,1_2&#8243; use_custom_gutter=\u00bbon\u00bb _builder_version=\u00bb4.16&#8243; custom_margin=\u00bb40px||40px||true|false\u00bb global_colors_info=\u00bb{}\u00bb][et_pb_column type=\u00bb1_2&#8243; _builder_version=\u00bb4.16&#8243; global_colors_info=\u00bb{}\u00bb][et_pb_blurb title=\u00bbFarmacia Ta\u00f1\u00e1\u00bb image=\u00bbhttps:\/\/secure.gravatar.com\/avatar\/c1448fd96cd1557962a43624cb7f231d?s=96&#038;d=mm&#038;r=g\u00bb icon_placement=\u00bbleft\u00bb image_icon_width=\u00bb64px\u00bb _builder_version=\u00bb4.18.0&#8243; header_level=\u00bbh2&#8243; header_font=\u00bbCardo|700|||||||\u00bb header_font_size=\u00bb16px\u00bb header_line_height=\u00bb1.5em\u00bb body_line_height=\u00bb1.8em\u00bb custom_margin=\u00bb||10px||false|false\u00bb link_option_url=\u00bbhttps:\/\/farmaciatana.es\/blog\/author\/farmacia\/\u00bb border_radii_image=\u00bbon|100px|100px|100px|100px\u00bb image_max_width=\u00bb64px\u00bb locked=\u00bboff\u00bb global_colors_info=\u00bb{}\u00bb]<\/p>\n<div class=\"et_pb_module et_pb_text et_pb_text_1_tb_body  et_pb_text_align_left et_pb_bg_layout_light\">\n<div class=\"et_pb_text_inner\">En Farmacia Ta\u00f1\u00e1 queremos ser tu farmacia online de referencia. Somos una farmacia que lleva desde el a\u00f1o 1987 en Coir\u00f3s a cargo de Elena Ta\u00f1\u00e1, la titular. Tambi\u00e9n tenemos una secci\u00f3n de \u00f3ptica donde podr\u00e1s pedir cita y escoger tus gafas al mejor precio.<\/div>\n<\/div>\n<p>[\/et_pb_blurb][et_pb_button button_url=\u00bbhttps:\/\/farmaciatana.es\/blog\/autor\/farmacia\/\u00bb button_text=\u00bbVer art\u00edculos\u00bb button_alignment=\u00bbleft\u00bb _builder_version=\u00bb4.19.4&#8243; custom_button=\u00bbon\u00bb button_text_size=\u00bb11px\u00bb button_text_color=\u00bb#000000&#8243; button_bg_color=\u00bbrgba(0,0,0,0.06)\u00bb button_border_width=\u00bb0px\u00bb button_border_radius=\u00bb0px\u00bb button_letter_spacing=\u00bb2px\u00bb button_font=\u00bb|700||on|||||\u00bb button_icon=\u00bb&#x24;||divi||400&#8243; custom_margin=\u00bb|||80px|false|false\u00bb custom_padding=\u00bb8px|20px|8px|20px|true|true\u00bb hover_enabled=\u00bb0&#8243; button_bg_color_last_edited=\u00bboff|desktop\u00bb box_shadow_style=\u00bbpreset7&#8243; box_shadow_horizontal=\u00bb5px\u00bb box_shadow_vertical=\u00bb0px\u00bb box_shadow_color=\u00bb#000000&#8243; global_colors_info=\u00bb{}\u00bb button_text_color__hover=\u00bb#ffffff\u00bb button_text_color__hover_enabled=\u00bboff|desktop\u00bb button_bg_color__hover=\u00bb#ff2a38&#8243; button_bg_color__hover_enabled=\u00bboff|desktop\u00bb button_bg_enable_color__hover=\u00bbon\u00bb box_shadow_horizontal__hover_enabled=\u00bbon|hover\u00bb box_shadow_horizontal__hover=\u00bb10px\u00bb sticky_enabled=\u00bb0&#8243;][\/et_pb_button][\/et_pb_column][et_pb_column type=\u00bb1_2&#8243; _builder_version=\u00bb4.16&#8243; global_colors_info=\u00bb{}\u00bb][et_pb_blurb title=\u00bbAlejandro\u00bb use_icon=\u00bbon\u00bb font_icon=\u00bb&#xe08a;||divi||400&#8243; icon_placement=\u00bbleft\u00bb image_icon_width=\u00bb64px\u00bb _builder_version=\u00bb4.18.0&#8243; header_level=\u00bbh2&#8243; header_font=\u00bbCardo|700|||||||\u00bb header_font_size=\u00bb16px\u00bb header_line_height=\u00bb1.5em\u00bb body_line_height=\u00bb1.8em\u00bb custom_margin=\u00bb||10px||false|false\u00bb border_radii_image=\u00bbon|100px|100px|100px|100px\u00bb image_max_width=\u00bb64px\u00bb locked=\u00bboff\u00bb global_colors_info=\u00bb{}\u00bb]<\/p>\n<p><span>\u00a1Preparo los pedidos de Farmacia Coir\u00f3s! Me puedes encontrar en el laboratorio de la farmacia o leyendo un buen libro, mi gran pasi\u00f3n. Soy farmac\u00e9utico y especialista en ortopedia, aunque mi gran pasi\u00f3n de la farmacia es formular. \u00a1Olguita me dice que soy un crack!<\/span><\/p>\n<p>[\/et_pb_blurb][et_pb_button button_url=\u00bbhttps:\/\/farmaciatana.es\/blog\/autor\/alex\/\u00bb button_text=\u00bbVer art\u00edculos\u00bb button_alignment=\u00bbleft\u00bb _builder_version=\u00bb4.19.4&#8243; custom_button=\u00bbon\u00bb button_text_size=\u00bb11px\u00bb button_text_color=\u00bb#000000&#8243; button_bg_color=\u00bbrgba(0,0,0,0.06)\u00bb button_border_width=\u00bb0px\u00bb button_border_radius=\u00bb0px\u00bb button_letter_spacing=\u00bb2px\u00bb button_font=\u00bb|700||on|||||\u00bb button_icon=\u00bb&#x24;||divi||400&#8243; custom_margin=\u00bb|||80px|false|false\u00bb custom_padding=\u00bb8px|20px|8px|20px|true|true\u00bb hover_enabled=\u00bb0&#8243; button_bg_color_last_edited=\u00bboff|desktop\u00bb box_shadow_style=\u00bbpreset7&#8243; box_shadow_horizontal=\u00bb5px\u00bb box_shadow_vertical=\u00bb0px\u00bb box_shadow_color=\u00bb#000000&#8243; locked=\u00bboff\u00bb global_colors_info=\u00bb{}\u00bb button_text_color__hover=\u00bb#ffffff\u00bb button_text_color__hover_enabled=\u00bboff|desktop\u00bb button_bg_color__hover=\u00bb#ff2a38&#8243; button_bg_color__hover_enabled=\u00bboff|desktop\u00bb button_bg_enable_color__hover=\u00bbon\u00bb box_shadow_horizontal__hover_enabled=\u00bbon|hover\u00bb box_shadow_horizontal__hover=\u00bb10px\u00bb sticky_enabled=\u00bb0&#8243;][\/et_pb_button][\/et_pb_column][\/et_pb_row][\/et_pb_section]<\/p>\n","protected":false},"excerpt":{"rendered":"<p>Nosotros &nbsp;AutorxsSobre nosotros Si quieres conocernos, est\u00e1s en el lugar ideal. Farmacia Coir\u00f3s lleva m\u00e1s de 30 a\u00f1os ayudando a los pacientes y clientes que acuden a ella desde Coir\u00f3s, y ahora, nos proponemos poder realizarlo tambi\u00e9n de manera online. Nuestro equipo est\u00e1 formado por siete personas, con Elena Ta\u00f1\u00e1 a la cabeza. Si necesitas [&hellip;]<\/p>\n","protected":false},"author":1,"featured_media":0,"parent":0,"menu_order":0,"comment_status":"closed","ping_status":"closed","template":"","meta":{"_et_pb_use_builder":"on","_et_pb_old_content":"<!-- wp:paragraph -->\n<p>Si quieres conocernos, est\u00e1s en el lugar ideal. Farmacia Coir\u00f3s lleva m\u00e1s de 30 a\u00f1os ayudando a los pacientes y clientes que acuden a ella desde Coir\u00f3s, y ahora, nos proponemos poder realizarlo tambi\u00e9n de manera online.<\/p>\n<!-- \/wp:paragraph -->\n\n<!-- wp:paragraph -->\n<p>Nuestro equipo est\u00e1 formado por siete personas, con Elena Ta\u00f1\u00e1 a la cabeza.<\/p>\n<!-- \/wp:paragraph -->\n\n<!-- wp:paragraph -->\n<p>Si necesitas contactar con nosotros, puedes hacerlo de manera presencial, por tel\u00e9fono en el 981796304 o por mail y ahora tambi\u00e9n mediante instagram, facebook y whatsapp.<\/p>\n<!-- \/wp:paragraph -->\n\n<!-- wp:paragraph -->\n<p>\u00a1Estamos ah\u00ed para todo lo que necesites!<\/p>\n<!-- \/wp:paragraph -->","_et_gb_content_width":"1280","footnotes":""},"class_list":["post-6","page","type-page","status-publish","hentry"],"_links":{"self":[{"href":"https:\/\/farmaciatana.es\/blog\/wp-json\/wp\/v2\/pages\/6","targetHints":{"allow":["GET"]}}],"collection":[{"href":"https:\/\/farmaciatana.es\/blog\/wp-json\/wp\/v2\/pages"}],"about":[{"href":"https:\/\/farmaciatana.es\/blog\/wp-json\/wp\/v2\/types\/page"}],"author":[{"embeddable":true,"href":"https:\/\/farmaciatana.es\/blog\/wp-json\/wp\/v2\/users\/1"}],"replies":[{"embeddable":true,"href":"https:\/\/farmaciatana.es\/blog\/wp-json\/wp\/v2\/comments?post=6"}],"version-history":[{"count":7,"href":"https:\/\/farmaciatana.es\/blog\/wp-json\/wp\/v2\/pages\/6\/revisions"}],"predecessor-version":[{"id":396,"href":"https:\/\/farmaciatana.es\/blog\/wp-json\/wp\/v2\/pages\/6\/revisions\/396"}],"wp:attachment":[{"href":"https:\/\/farmaciatana.es\/blog\/wp-json\/wp\/v2\/media?parent=6"}],"curies":[{"name":"wp","href":"https:\/\/api.w.org\/{rel}","templated":true}]}}